{"id":46,"date":"2026-02-22T17:07:50","date_gmt":"2026-02-22T17:07:50","guid":{"rendered":"https:\/\/apartment-quedlinburg.de\/?page_id=46"},"modified":"2026-03-22T12:14:05","modified_gmt":"2026-03-22T12:14:05","slug":"gartenblick","status":"publish","type":"page","link":"https:\/\/apartment-quedlinburg.de\/?page_id=46","title":{"rendered":"Gartenblick"},"content":{"rendered":"\n\n\n<p>Ruhiges, zentral gelegenes Apartment f\u00fcr <strong>2 Personen<\/strong> mit <strong>WLAN<\/strong> und <strong>kostenlosem Parkplatz<\/strong>. <\/p>\n\n\n\n<p>Blick aus den Fenstern in den Garten mit alten B\u00e4umen. Das Haus stammt aus 1860 und war das erste Geb\u00e4ude in der Stra\u00dfe.<\/p>\n\n\n\n<p>Der Marktplatz in ca. 8 Minuten zu Fu\u00df entfernt. B\u00e4cker, Post, Geldautomat und Apotheke befinden sich in unmittelbarer N\u00e4he; weitere Einkaufsm\u00f6glichkeiten in ca. 10 Minuten erreichbar. Die Gartenmitbenutzung m\u00f6glich. Im Haus ist strenges Rauchverbot, im Garten gibt es f\u00fcr zum rauchen einen gesch\u00fctzten Bereich. Die Wohnung ist f\u00fcr die Selbstversorgung vollst\u00e4ndig ausgestattet.<\/p>\n\n\n\n<p>Schl\u00fcssel\u00fcbergabe optional per Schl\u00fcsselkasten; Informationen zu Quedlinburg erhalten Sie bei der \u00dcbergabe. <\/p>\n\n\n\n\n\n<p><\/p>\n","protected":false},"excerpt":{"rendered":"<p>Ruhiges, zentral gelegenes Apartment f\u00fcr 2 Personen mit WLAN und kostenlosem Parkplatz. Blick aus den Fenstern in den Garten mit alten B\u00e4umen. Das Haus stammt aus 1860 und war das erste Geb\u00e4ude in der Stra\u00dfe. Der Marktplatz in ca. 8 Minuten zu Fu\u00df entfernt. B\u00e4cker, Post, Geldautomat und Apotheke befinden sich in unmittelbarer N\u00e4he; weitere [&hellip;]<\/p>\n","protected":false},"author":1,"featured_media":0,"parent":29,"menu_order":0,"comment_status":"closed","ping_status":"closed","template":"","meta":{"footnotes":""},"class_list":["post-46","page","type-page","status-publish","hentry"],"_links":{"self":[{"href":"https:\/\/apartment-quedlinburg.de\/index.php?rest_route=\/wp\/v2\/pages\/46","targetHints":{"allow":["GET"]}}],"collection":[{"href":"https:\/\/apartment-quedlinburg.de\/index.php?rest_route=\/wp\/v2\/pages"}],"about":[{"href":"https:\/\/apartment-quedlinburg.de\/index.php?rest_route=\/wp\/v2\/types\/page"}],"author":[{"embeddable":true,"href":"https:\/\/apartment-quedlinburg.de\/index.php?rest_route=\/wp\/v2\/users\/1"}],"replies":[{"embeddable":true,"href":"https:\/\/apartment-quedlinburg.de\/index.php?rest_route=%2Fwp%2Fv2%2Fcomments&post=46"}],"version-history":[{"count":10,"href":"https:\/\/apartment-quedlinburg.de\/index.php?rest_route=\/wp\/v2\/pages\/46\/revisions"}],"predecessor-version":[{"id":113,"href":"https:\/\/apartment-quedlinburg.de\/index.php?rest_route=\/wp\/v2\/pages\/46\/revisions\/113"}],"up":[{"embeddable":true,"href":"https:\/\/apartment-quedlinburg.de\/index.php?rest_route=\/wp\/v2\/pages\/29"}],"wp:attachment":[{"href":"https:\/\/apartment-quedlinburg.de\/index.php?rest_route=%2Fwp%2Fv2%2Fmedia&parent=46"}],"curies":[{"name":"wp","href":"https:\/\/api.w.org\/{rel}","templated":true}]}}